{"id":6,"date":"2020-06-22T16:09:45","date_gmt":"2020-06-22T14:09:45","guid":{"rendered":"http:\/\/lsunit.com\/index.php\/mesmerize-pro\/"},"modified":"2020-09-07T16:38:34","modified_gmt":"2020-09-07T14:38:34","slug":"mesmerize-pro","status":"publish","type":"page","link":"https:\/\/orange.lsunit.com\/","title":{"rendered":"Front Page"},"content":{"rendered":"<div  data-label=\"Team\" data-id=\"team--1\" data-export-id=\"team-5\" data-category=\"team\" class=\"team-5 content-section content-section-spacing\" id=\"team-1\" style=\"background-color: rgb(255, 255, 255);\"><div  class=\"gridContainer\"> <div  class=\"row text-center\"><div  class=\"section-title-col\" data-type=\"column\">  <p  class=\"lead\">Ensemble des acteurs participant \u00e0 la r\u00e9alisation de la tourn\u00e9e Orange 2020-2021.<\/p><\/div> <\/div> <div  class=\"row spaced-cols content-center-sm\" data-type=\"row\"> <div  class=\"col-xs-12 col-sm-6 col-padding col-md-4 \"> <div  class=\"row \"> <div  data-type=\"column\" class=\"col-xs-12 col-sm-12\"> <img  class=\"round face\" src=\"https:\/\/orange.lsunit.com\/wp-content\/uploads\/2020\/06\/cropped-Lsunit.jpg\" alt=\"\" title=\"cropped-Lsunit.jpg\"> <h4  class=\"font-500\">LSunit<\/h4> <p  class=\"italic\">Coordinateur<\/p> <p  class=\"\">Gestion et coordination de la mission. Mise en relation des diff\u00e9rents acteurs et r\u00e9f\u00e9rent Tourn\u00e9e.<\/p> <div  class=\"social-icons-group\" data-type=\"group\"> <a href=\"#\" target=\"_self\" data-reiki-hidden=\"true\" rel=\"noopener noreferrer\"><i  class=\"fa icon fa-facebook-square gray\"><\/i><\/a> <a href=\"#\" target=\"_self\" data-reiki-hidden=\"true\" rel=\"noopener noreferrer\"><i  class=\"fa icon fa-twitter-square gray\"><\/i><\/a> <a href=\"#\" target=\"_self\" data-reiki-hidden=\"true\" rel=\"noopener noreferrer\"><i  class=\"fa icon fa-linkedin-square gray\"><\/i><\/a> <a href=\"#\" target=\"_self\" data-reiki-hidden=\"true\" rel=\"noopener noreferrer\"><i  class=\"fa icon fa-google-plus-square gray\"><\/i><\/a><\/div> <\/div><\/div> <\/div> <div  class=\"col-xs-12 col-sm-6 col-padding col-md-4 \"> <div  class=\"row \"> <div  data-type=\"column\" class=\"col-xs-12 col-sm-12\"> <img  class=\"round face\" src=\"https:\/\/orange.lsunit.com\/wp-content\/uploads\/2020\/09\/cropped-Logo-Orange.jpg\" alt=\"\" title=\"cropped-Logo-Orange.jpg\"> <h4  class=\"font-500\">Orange<\/h4> <p  class=\"italic\">Client mission<\/p> <p  class=\"\">Commanditaire de la tourn\u00e9e. Consultation du suivi et avanc\u00e9e de la mission.<\/p> <div  class=\"social-icons-group\" data-type=\"group\"> <a href=\"#\" target=\"_self\" data-reiki-hidden=\"true\" rel=\"noopener noreferrer\"><i  class=\"fa icon fa-facebook-square gray\"><\/i><\/a> <a href=\"#\" target=\"_self\" data-reiki-hidden=\"true\" rel=\"noopener noreferrer\"><i  class=\"fa icon fa-twitter-square gray\"><\/i><\/a> <a href=\"#\" target=\"_self\" data-reiki-hidden=\"true\" rel=\"noopener noreferrer\"><i  class=\"fa icon fa-linkedin-square gray\"><\/i><\/a> <a href=\"#\" target=\"_self\" data-reiki-hidden=\"true\" rel=\"noopener noreferrer\"><i  class=\"fa icon fa-google-plus-square gray\"><\/i><\/a><\/div> <\/div><\/div> <\/div> <div  class=\"col-xs-12 col-sm-6 col-padding col-md-4 \"> <div  class=\"row \"> <div  data-type=\"column\" class=\"col-xs-12 col-sm-12\"> <a data-cp-link=\"1\" href=\"#\" class=\"\" target=\"_self\" rel=\"noopener noreferrer\"><img  class=\"round face\" src=\"https:\/\/orange.lsunit.com\/wp-content\/uploads\/2020\/09\/cropped-EquipeTerrain.jpg\" alt=\"\" title=\"cropped-PortraitsEquipeTerrain.jpg\"><\/a> <h4  class=\"font-500\">Equipe Terrain<\/h4> <p  class=\"italic\">Ex\u00e9cutants<\/p> <p  class=\"\">Agents sur le terrain charg\u00e9s de la promotion et de la diffusion de l\u2019offre Orange sur le territoire.<\/p> <div  class=\"social-icons-group\" data-type=\"group\"> <a href=\"#\" target=\"_self\" data-reiki-hidden=\"true\" rel=\"noopener noreferrer\"><i  class=\"fa icon fa-facebook-square gray\"><\/i><\/a> <a href=\"#\" target=\"_self\" data-reiki-hidden=\"true\" rel=\"noopener noreferrer\"><i  class=\"fa icon fa-twitter-square gray\"><\/i><\/a> <a href=\"#\" target=\"_self\" data-reiki-hidden=\"true\" rel=\"noopener noreferrer\"><i  class=\"fa icon fa-linkedin-square gray\"><\/i><\/a> <a href=\"#\" target=\"_self\" data-reiki-hidden=\"true\" rel=\"noopener noreferrer\"><i  class=\"fa icon fa-google-plus-square gray\"><\/i><\/a><\/div> <\/div><\/div> <\/div>     <\/div> <\/div><\/div><div  data-label=\"Content\" data-id=\"content--1\" data-export-id=\"content-12\" data-category=\"content\" class=\"content-12 content-section content-section-spacing\" id=\"content-1\" style=\"background-color: rgb(245, 250, 253); background-image: url(&quot;https:\/\/orange.lsunit.com\/wp-content\/uploads\/2020\/09\/EquipeTerrain.jpg&quot;); background-size: cover; background-position: center top;\"><div  class=\"gridContainer\">  <div  class=\"row center-xs middle-xs\"> <div  class=\"col-sm-9\" data-type=\"column\"> <\/div> <\/div><\/div> <\/div>","protected":false},"excerpt":{"rendered":"<p>Ensemble des acteurs participant \u00e0 la r\u00e9alisation de la tourn\u00e9e Orange 2020-2021. LSunit Coordinateur Gestion et coordination de la mission. Mise en relation des diff\u00e9rents acteurs et r\u00e9f\u00e9rent Tourn\u00e9e. Orange Client mission Commanditaire de la tourn\u00e9e. Consultation du suivi et avanc\u00e9e de la mission. Equipe Terrain Ex\u00e9cutants Agents sur le terrain charg\u00e9s de la promotion&hellip; <br \/> <a class=\"read-more\" href=\"https:\/\/orange.lsunit.com\/\">Read more<\/a><\/p>\n","protected":false},"author":1,"featured_media":0,"parent":0,"menu_order":0,"comment_status":"closed","ping_status":"closed","template":"page-templates\/homepage.php","meta":[],"_links":{"self":[{"href":"https:\/\/orange.lsunit.com\/index.php\/wp-json\/wp\/v2\/pages\/6"}],"collection":[{"href":"https:\/\/orange.lsunit.com\/index.php\/wp-json\/wp\/v2\/pages"}],"about":[{"href":"https:\/\/orange.lsunit.com\/index.php\/wp-json\/wp\/v2\/types\/page"}],"author":[{"embeddable":true,"href":"https:\/\/orange.lsunit.com\/index.php\/wp-json\/wp\/v2\/users\/1"}],"replies":[{"embeddable":true,"href":"https:\/\/orange.lsunit.com\/index.php\/wp-json\/wp\/v2\/comments?post=6"}],"version-history":[{"count":3,"href":"https:\/\/orange.lsunit.com\/index.php\/wp-json\/wp\/v2\/pages\/6\/revisions"}],"predecessor-version":[{"id":624,"href":"https:\/\/orange.lsunit.com\/index.php\/wp-json\/wp\/v2\/pages\/6\/revisions\/624"}],"wp:attachment":[{"href":"https:\/\/orange.lsunit.com\/index.php\/wp-json\/wp\/v2\/media?parent=6"}],"curies":[{"name":"wp","href":"https:\/\/api.w.org\/{rel}","templated":true}]}}